{"id":16,"date":"2020-01-29T00:26:27","date_gmt":"2020-01-29T00:26:27","guid":{"rendered":"http:\/\/juan-navarro.es\/?page_id=16"},"modified":"2021-12-15T20:07:07","modified_gmt":"2021-12-15T20:07:07","slug":"musica","status":"publish","type":"page","link":"https:\/\/juan-navarro.es\/index.php\/musica\/","title":{"rendered":"M\u00daSICA"},"content":{"rendered":"\n<div class=\"wp-block-group alignwide\"><div class=\"wp-block-group__inner-container is-layout-flow wp-block-group-is-layout-flow\">\n<div class=\"wp-block-columns alignwide is-layout-flex wp-container-core-columns-is-layout-9d6595d7 wp-block-columns-is-layout-flex\">\n<div class=\"wp-block-column is-layout-flow wp-block-column-is-layout-flow\">\n<figure class=\"wp-block-image size-large\"><img loading=\"lazy\" decoding=\"async\" width=\"836\" height=\"204\" src=\"https:\/\/juan-navarro.es\/wp-content\/uploads\/JN2020-MUSICA-Trilaphon_letras_blancoi.png\" alt=\"\" class=\"wp-image-1019\" srcset=\"https:\/\/juan-navarro.es\/wp-content\/uploads\/JN2020-MUSICA-Trilaphon_letras_blancoi.png 836w, https:\/\/juan-navarro.es\/wp-content\/uploads\/JN2020-MUSICA-Trilaphon_letras_blancoi-300x73.png 300w, https:\/\/juan-navarro.es\/wp-content\/uploads\/JN2020-MUSICA-Trilaphon_letras_blancoi-768x187.png 768w\" sizes=\"auto, (max-width: 836px) 100vw, 836px\" \/><\/figure>\n\n\n\n<p class=\"has-text-color has-large-font-size has-primary-color\">M\u00fasica,\ndatos, alientos, cuerdas, archivos, instrumentos, cables, distancia, dudas,\nfrecuencias, mails y otros impulsos, los dedos del pie derecho del maestro, sus\nbotones, la garganta de Manel imposible de digitalizar, las noches llenas de\npensamientos, los ruidos de los cables despeluchados, sus chispas y sus\nintrigas, sonar en medio de la cat\u00e1strofe tiene algo po\u00e9tico, tambi\u00e9n algo\nconmovedor y obsoleto a la vez. <\/p>\n\n\n\n<p class=\"has-text-color has-large-font-size has-primary-color\">El objetivo de esta propuesta es explorar los espacios de no-consciencia, y tambi\u00e9n de fusi\u00f3n entre diferentes disciplinas, dimensiones, est\u00e9ticas y pr\u00e1cticas art\u00edsticas. Trilaphon es un instante sostenido en constante transformaci\u00f3n entre la imaginaci\u00f3n (la m\u00fasica) y la imagen, entre el pensamiento y la nada, entre lo tangible y lo invisible. No deja de ser una idea, un ruido, una instalaci\u00f3n, una posibilidad de estar dentro y fuera del mundo virtual. En definitiva, una experiencia compartida.<\/p>\n\n\n\n<div style=\"height:20px\" aria-hidden=\"true\" class=\"wp-block-spacer\"><\/div>\n\n\n\n<p><a href=\"http:\/\/www.trilaphon.com\/\">http:\/\/www.trilaphon.com\/<\/a><\/p>\n\n\n\n<div style=\"height:20px\" aria-hidden=\"true\" class=\"wp-block-spacer\"><\/div>\n\n\n\n<iframe loading=\"lazy\" width=\"100%\" height=\"450\" scrolling=\"no\" frameborder=\"no\" allow=\"autoplay\" src=\"https:\/\/w.soundcloud.com\/player\/?url=https%3A\/\/api.soundcloud.com\/playlists\/1179455041&amp;color=%23ff5500&amp;auto_play=false&amp;hide_related=false&amp;show_comments=true&amp;show_user=true&amp;show_reposts=false&amp;show_teaser=true\"><\/iframe><div style=\"font-size: 10px; color: #cccccc;line-break: anywhere;word-break: normal;overflow: hidden;white-space: nowrap;text-overflow: ellipsis; font-family: Interstate,Lucida Grande,Lucida Sans Unicode,Lucida Sans,Garuda,Verdana,Tahoma,sans-serif;font-weight: 100;\"><a href=\"https:\/\/soundcloud.com\/user-981396134\" title=\"TRILAPHON\" target=\"_blank\" style=\"color: #cccccc; text-decoration: none;\" rel=\"noopener noreferrer\">TRILAPHON<\/a> \u00b7 <a href=\"https:\/\/soundcloud.com\/user-981396134\/sets\/full-tracks\" title=\"Full tracks\" target=\"_blank\" style=\"color: #cccccc; text-decoration: none;\" rel=\"noopener noreferrer\">Full tracks<\/a><\/div>\n<\/div>\n\n\n\n<div class=\"wp-block-column is-layout-flow wp-block-column-is-layout-flow\">\n<div style=\"height:20px\" aria-hidden=\"true\" class=\"wp-block-spacer\"><\/div>\n\n\n\n<iframe loading=\"lazy\" width=\"560\" height=\"315\" src=\"https:\/\/www.youtube.com\/embed\/IbFH0UUqY5w\" title=\"YouTube video player\" frameborder=\"0\" allow=\"accelerometer; autoplay; clipboard-write; encrypted-media; gyroscope; picture-in-picture\" allowfullscreen><\/iframe>\n\n\n\n<div style=\"height:20px\" aria-hidden=\"true\" class=\"wp-block-spacer\"><\/div>\n\n\n\n<iframe loading=\"lazy\" width=\"560\" height=\"315\" src=\"https:\/\/www.youtube.com\/embed\/pO2kzcwZmHA\" title=\"YouTube video player\" frameborder=\"0\" allow=\"accelerometer; autoplay; clipboard-write; encrypted-media; gyroscope; picture-in-picture\" allowfullscreen><\/iframe>\n\n\n\n<div style=\"height:20px\" aria-hidden=\"true\" class=\"wp-block-spacer\"><\/div>\n\n\n\n<iframe loading=\"lazy\" width=\"560\" height=\"315\" src=\"https:\/\/www.youtube.com\/embed\/Ix7dzVP2H5k\" title=\"YouTube video player\" frameborder=\"0\" allow=\"accelerometer; autoplay; clipboard-write; encrypted-media; gyroscope; picture-in-picture\" allowfullscreen><\/iframe>\n\n\n\n<div style=\"height:20px\" aria-hidden=\"true\" class=\"wp-block-spacer\"><\/div>\n\n\n\n<iframe loading=\"lazy\" width=\"560\" height=\"315\" src=\"https:\/\/www.youtube.com\/embed\/6gmVPRVZW94\" title=\"YouTube video player\" frameborder=\"0\" allow=\"accelerometer; autoplay; clipboard-write; encrypted-media; gyroscope; picture-in-picture\" allowfullscreen><\/iframe>\n\n\n\n<div style=\"height:20px\" aria-hidden=\"true\" class=\"wp-block-spacer\"><\/div>\n\n\n\n<iframe loading=\"lazy\" width=\"560\" height=\"315\" src=\"https:\/\/www.youtube.com\/embed\/thI1f7wjXIg\" title=\"YouTube video player\" frameborder=\"0\" allow=\"accelerometer; autoplay; clipboard-write; encrypted-media; gyroscope; picture-in-picture\" allowfullscreen><\/iframe>\n<\/div>\n<\/div>\n<\/div><\/div>\n\n\n\n<hr class=\"wp-block-separator\"\/>\n\n\n\n<figure class=\"wp-block-image alignwide size-large\"><img loading=\"lazy\" decoding=\"async\" width=\"1920\" height=\"861\" src=\"https:\/\/juan-navarro.es\/wp-content\/uploads\/JN2020-MUSICA-Diapasones.jpg\" alt=\"\" class=\"wp-image-980\" srcset=\"https:\/\/juan-navarro.es\/wp-content\/uploads\/JN2020-MUSICA-Diapasones.jpg 1920w, https:\/\/juan-navarro.es\/wp-content\/uploads\/JN2020-MUSICA-Diapasones-300x135.jpg 300w, https:\/\/juan-navarro.es\/wp-content\/uploads\/JN2020-MUSICA-Diapasones-768x344.jpg 768w, https:\/\/juan-navarro.es\/wp-content\/uploads\/JN2020-MUSICA-Diapasones-1536x689.jpg 1536w, https:\/\/juan-navarro.es\/wp-content\/uploads\/JN2020-MUSICA-Diapasones-1200x538.jpg 1200w\" sizes=\"auto, (max-width: 1920px) 100vw, 1920px\" \/><\/figure>\n\n\n\n<hr class=\"wp-block-separator\"\/>\n\n\n\n<div class=\"wp-block-group alignwide\"><div class=\"wp-block-group__inner-container is-layout-flow wp-block-group-is-layout-flow\">\n<div class=\"wp-block-columns alignwide is-layout-flex wp-container-core-columns-is-layout-9d6595d7 wp-block-columns-is-layout-flex\">\n<div class=\"wp-block-column is-layout-flow wp-block-column-is-layout-flow\">\n<figure class=\"wp-block-image size-large\"><img loading=\"lazy\" decoding=\"async\" width=\"855\" height=\"1221\" src=\"https:\/\/juan-navarro.es\/wp-content\/uploads\/soma-texto-blanco.png\" alt=\"\" class=\"wp-image-1020\" srcset=\"https:\/\/juan-navarro.es\/wp-content\/uploads\/soma-texto-blanco.png 855w, https:\/\/juan-navarro.es\/wp-content\/uploads\/soma-texto-blanco-210x300.png 210w, https:\/\/juan-navarro.es\/wp-content\/uploads\/soma-texto-blanco-768x1097.png 768w\" sizes=\"auto, (max-width: 855px) 100vw, 855px\" \/><\/figure>\n<\/div>\n\n\n\n<div class=\"wp-block-column is-layout-flow wp-block-column-is-layout-flow\">\n<div style=\"height:223px\" aria-hidden=\"true\" class=\"wp-block-spacer\"><\/div>\n\n\n\n<iframe loading=\"lazy\" width=\"100%\" height=\"450\" scrolling=\"no\" frameborder=\"no\" allow=\"autoplay\" src=\"https:\/\/w.soundcloud.com\/player\/?url=https%3A\/\/api.soundcloud.com\/users\/643197585&amp;color=%23ff5500&amp;auto_play=false&amp;hide_related=false&amp;show_comments=true&amp;show_user=true&amp;show_reposts=false&amp;show_teaser=true\"><\/iframe>\n<\/div>\n<\/div>\n<\/div><\/div>\n\n\n\n<hr class=\"wp-block-separator\"\/>\n\n\n\n<figure class=\"wp-block-gallery alignwide columns-3 is-cropped wp-block-gallery-1 is-layout-flex wp-block-gallery-is-layout-flex\"><ul class=\"blocks-gallery-grid\"><li class=\"blocks-gallery-item\"><figure><a href=\"https:\/\/juan-navarro.es\/wp-content\/uploads\/CARBURADORES-19921.3.jpeg\"><img loading=\"lazy\" decoding=\"async\" width=\"1080\" height=\"745\" src=\"https:\/\/juan-navarro.es\/wp-content\/uploads\/CARBURADORES-19921.3.jpeg\" alt=\"\" data-id=\"106\" data-full-url=\"https:\/\/juan-navarro.es\/wp-content\/uploads\/CARBURADORES-19921.3.jpeg\" data-link=\"https:\/\/juan-navarro.es\/index.php\/musica\/carburadores-19921-3\/\" class=\"wp-image-106\" srcset=\"https:\/\/juan-navarro.es\/wp-content\/uploads\/CARBURADORES-19921.3.jpeg 1080w, https:\/\/juan-navarro.es\/wp-content\/uploads\/CARBURADORES-19921.3-300x207.jpeg 300w, https:\/\/juan-navarro.es\/wp-content\/uploads\/CARBURADORES-19921.3-768x530.jpeg 768w\" sizes=\"auto, (max-width: 1080px) 100vw, 1080px\" \/><\/a><\/figure><\/li><li class=\"blocks-gallery-item\"><figure><a href=\"https:\/\/juan-navarro.es\/wp-content\/uploads\/CARBURADORES-1992.jpeg\"><img loading=\"lazy\" decoding=\"async\" width=\"1080\" height=\"1501\" src=\"https:\/\/juan-navarro.es\/wp-content\/uploads\/CARBURADORES-1992.jpeg\" alt=\"\" data-id=\"105\" data-full-url=\"https:\/\/juan-navarro.es\/wp-content\/uploads\/CARBURADORES-1992.jpeg\" data-link=\"https:\/\/juan-navarro.es\/index.php\/musica\/carburadores-1992\/\" class=\"wp-image-105\" srcset=\"https:\/\/juan-navarro.es\/wp-content\/uploads\/CARBURADORES-1992.jpeg 1080w, https:\/\/juan-navarro.es\/wp-content\/uploads\/CARBURADORES-1992-216x300.jpeg 216w, https:\/\/juan-navarro.es\/wp-content\/uploads\/CARBURADORES-1992-768x1067.jpeg 768w\" sizes=\"auto, (max-width: 1080px) 100vw, 1080px\" \/><\/a><\/figure><\/li><li class=\"blocks-gallery-item\"><figure><a href=\"https:\/\/juan-navarro.es\/wp-content\/uploads\/carburadores5.jpg\"><img loading=\"lazy\" decoding=\"async\" width=\"1080\" height=\"1452\" src=\"https:\/\/juan-navarro.es\/wp-content\/uploads\/carburadores5.jpg\" alt=\"\" data-id=\"107\" data-full-url=\"https:\/\/juan-navarro.es\/wp-content\/uploads\/carburadores5.jpg\" data-link=\"https:\/\/juan-navarro.es\/index.php\/musica\/carburadores5\/\" class=\"wp-image-107\" srcset=\"https:\/\/juan-navarro.es\/wp-content\/uploads\/carburadores5.jpg 1080w, https:\/\/juan-navarro.es\/wp-content\/uploads\/carburadores5-223x300.jpg 223w, https:\/\/juan-navarro.es\/wp-content\/uploads\/carburadores5-768x1033.jpg 768w\" sizes=\"auto, (max-width: 1080px) 100vw, 1080px\" \/><\/a><\/figure><\/li><li class=\"blocks-gallery-item\"><figure><a href=\"https:\/\/juan-navarro.es\/wp-content\/uploads\/CARBURADORES-1992.1.1.jpeg\"><img loading=\"lazy\" decoding=\"async\" width=\"1080\" height=\"968\" src=\"https:\/\/juan-navarro.es\/wp-content\/uploads\/CARBURADORES-1992.1.1.jpeg\" alt=\"\" data-id=\"104\" data-full-url=\"https:\/\/juan-navarro.es\/wp-content\/uploads\/CARBURADORES-1992.1.1.jpeg\" data-link=\"https:\/\/juan-navarro.es\/index.php\/musica\/carburadores-1992-1-1\/\" class=\"wp-image-104\" srcset=\"https:\/\/juan-navarro.es\/wp-content\/uploads\/CARBURADORES-1992.1.1.jpeg 1080w, https:\/\/juan-navarro.es\/wp-content\/uploads\/CARBURADORES-1992.1.1-300x269.jpeg 300w, https:\/\/juan-navarro.es\/wp-content\/uploads\/CARBURADORES-1992.1.1-768x688.jpeg 768w\" sizes=\"auto, (max-width: 1080px) 100vw, 1080px\" \/><\/a><\/figure><\/li><li class=\"blocks-gallery-item\"><figure><a href=\"https:\/\/juan-navarro.es\/wp-content\/uploads\/V-DE-AMOR-.jpg\"><img loading=\"lazy\" decoding=\"async\" width=\"1080\" height=\"348\" src=\"https:\/\/juan-navarro.es\/wp-content\/uploads\/V-DE-AMOR-.jpg\" alt=\"\" data-id=\"110\" data-full-url=\"https:\/\/juan-navarro.es\/wp-content\/uploads\/V-DE-AMOR-.jpg\" data-link=\"https:\/\/juan-navarro.es\/index.php\/musica\/v-de-amor\/\" class=\"wp-image-110\" srcset=\"https:\/\/juan-navarro.es\/wp-content\/uploads\/V-DE-AMOR-.jpg 1080w, https:\/\/juan-navarro.es\/wp-content\/uploads\/V-DE-AMOR--300x97.jpg 300w, https:\/\/juan-navarro.es\/wp-content\/uploads\/V-DE-AMOR--768x247.jpg 768w\" sizes=\"auto, (max-width: 1080px) 100vw, 1080px\" \/><\/a><\/figure><\/li><li class=\"blocks-gallery-item\"><figure><a href=\"https:\/\/juan-navarro.es\/wp-content\/uploads\/V-DE-AMOR.jpg\"><img loading=\"lazy\" decoding=\"async\" width=\"1080\" height=\"864\" src=\"https:\/\/juan-navarro.es\/wp-content\/uploads\/V-DE-AMOR.jpg\" alt=\"\" data-id=\"111\" data-full-url=\"https:\/\/juan-navarro.es\/wp-content\/uploads\/V-DE-AMOR.jpg\" data-link=\"https:\/\/juan-navarro.es\/index.php\/musica\/v-de-amor-2\/\" class=\"wp-image-111\" srcset=\"https:\/\/juan-navarro.es\/wp-content\/uploads\/V-DE-AMOR.jpg 1080w, https:\/\/juan-navarro.es\/wp-content\/uploads\/V-DE-AMOR-300x240.jpg 300w, https:\/\/juan-navarro.es\/wp-content\/uploads\/V-DE-AMOR-768x614.jpg 768w\" sizes=\"auto, (max-width: 1080px) 100vw, 1080px\" \/><\/a><\/figure><\/li><li class=\"blocks-gallery-item\"><figure><a href=\"https:\/\/juan-navarro.es\/wp-content\/uploads\/FOTO-LEE-RANALDO.-.jpg\"><img loading=\"lazy\" decoding=\"async\" width=\"1080\" height=\"648\" src=\"https:\/\/juan-navarro.es\/wp-content\/uploads\/FOTO-LEE-RANALDO.-.jpg\" alt=\"\" data-id=\"108\" data-full-url=\"https:\/\/juan-navarro.es\/wp-content\/uploads\/FOTO-LEE-RANALDO.-.jpg\" data-link=\"https:\/\/juan-navarro.es\/index.php\/musica\/foto-lee-ranaldo\/\" class=\"wp-image-108\" srcset=\"https:\/\/juan-navarro.es\/wp-content\/uploads\/FOTO-LEE-RANALDO.-.jpg 1080w, https:\/\/juan-navarro.es\/wp-content\/uploads\/FOTO-LEE-RANALDO.--300x180.jpg 300w, https:\/\/juan-navarro.es\/wp-content\/uploads\/FOTO-LEE-RANALDO.--768x461.jpg 768w\" sizes=\"auto, (max-width: 1080px) 100vw, 1080px\" \/><\/a><\/figure><\/li><li class=\"blocks-gallery-item\"><figure><a href=\"https:\/\/juan-navarro.es\/wp-content\/uploads\/TROMBON.jpg\"><img loading=\"lazy\" decoding=\"async\" width=\"1080\" height=\"546\" src=\"https:\/\/juan-navarro.es\/wp-content\/uploads\/TROMBON.jpg\" alt=\"\" data-id=\"109\" data-full-url=\"https:\/\/juan-navarro.es\/wp-content\/uploads\/TROMBON.jpg\" data-link=\"https:\/\/juan-navarro.es\/index.php\/musica\/trombon\/\" class=\"wp-image-109\" srcset=\"https:\/\/juan-navarro.es\/wp-content\/uploads\/TROMBON.jpg 1080w, https:\/\/juan-navarro.es\/wp-content\/uploads\/TROMBON-300x152.jpg 300w, https:\/\/juan-navarro.es\/wp-content\/uploads\/TROMBON-768x388.jpg 768w\" sizes=\"auto, (max-width: 1080px) 100vw, 1080px\" \/><\/a><\/figure><\/li><\/ul><\/figure>\n","protected":false},"excerpt":{"rendered":"<p>M\u00fasica, datos, alientos, cuerdas, archivos, instrumentos, cables, distancia, dudas, frecuencias, mails y otros impulsos, los dedos del pie derecho del maestro, sus botones, la garganta de Manel imposible de digitalizar, las noches llenas de pensamientos, los ruidos de los cables despeluchados, sus chispas y sus intrigas, sonar en medio de la cat\u00e1strofe tiene algo po\u00e9tico, [&hellip;]<\/p>\n","protected":false},"author":1,"featured_media":0,"parent":0,"menu_order":0,"comment_status":"closed","ping_status":"closed","template":"","meta":{"footnotes":""},"class_list":["post-16","page","type-page","status-publish","hentry"],"_links":{"self":[{"href":"https:\/\/juan-navarro.es\/index.php\/wp-json\/wp\/v2\/pages\/16","targetHints":{"allow":["GET"]}}],"collection":[{"href":"https:\/\/juan-navarro.es\/index.php\/wp-json\/wp\/v2\/pages"}],"about":[{"href":"https:\/\/juan-navarro.es\/index.php\/wp-json\/wp\/v2\/types\/page"}],"author":[{"embeddable":true,"href":"https:\/\/juan-navarro.es\/index.php\/wp-json\/wp\/v2\/users\/1"}],"replies":[{"embeddable":true,"href":"https:\/\/juan-navarro.es\/index.php\/wp-json\/wp\/v2\/comments?post=16"}],"version-history":[{"count":33,"href":"https:\/\/juan-navarro.es\/index.php\/wp-json\/wp\/v2\/pages\/16\/revisions"}],"predecessor-version":[{"id":1243,"href":"https:\/\/juan-navarro.es\/index.php\/wp-json\/wp\/v2\/pages\/16\/revisions\/1243"}],"wp:attachment":[{"href":"https:\/\/juan-navarro.es\/index.php\/wp-json\/wp\/v2\/media?parent=16"}],"curies":[{"name":"wp","href":"https:\/\/api.w.org\/{rel}","templated":true}]}}